{"id":1896,"date":"2025-04-12T11:08:50","date_gmt":"2025-04-12T10:08:50","guid":{"rendered":"http:\/\/getoutanddrive.de\/?page_id=1896"},"modified":"2025-04-12T17:31:21","modified_gmt":"2025-04-12T16:31:21","slug":"getoutanddrive","status":"publish","type":"page","link":"http:\/\/getoutanddrive.de\/?page_id=1896","title":{"rendered":""},"content":{"rendered":"\n<h2 class=\"wp-block-heading\">#GETOUTANDDRIVE<\/h2>\n\n\n\n<p>Hi, ich bin Max \u2013 31 Jahre alt, aufgewachsen in der N\u00e4he des N\u00fcrburgrings und seit Kindesbeinen begeistert von allem, was vier R\u00e4der hat. Nach einigen Jahren als Autojournalist habe ich meine Leidenschaft f\u00fcr Fotografie vertieft \u2013 als Weg, meine Sicht auf Autos, Menschen und Momente festzuhalten.<\/p>\n\n\n\n<p>Mit meiner Fuji X100V, der Canon EOS 7D und der analogen Ricoh 35ZF bin ich auf Events, in Museen oder einfach auf der Stra\u00dfe unterwegs \u2013 immer auf der Suche nach dem perfekten Augenblick.<\/p>\n\n\n\n<p>#getoutanddrive \u2013 weil Autos f\u00fcr mich mehr sind als nur Technik: Sie sind Emotion, Bewegung und Lebensfreude.<\/p>\n\n\n\n<p><\/p>\n","protected":false},"excerpt":{"rendered":"<p>#GETOUTANDDRIVE Hi, ich bin Max \u2013 31 Jahre alt, aufgewachsen in der N\u00e4he des N\u00fcrburgrings und seit Kindesbeinen begeistert von allem, was vier R\u00e4der hat. Nach einigen Jahren als Autojournalist habe ich meine Leidenschaft f\u00fcr Fotografie vertieft \u2013 als Weg, meine Sicht auf Autos, Menschen &hellip; <a href=\"http:\/\/getoutanddrive.de\/?page_id=1896\" class=\"more-link\"><span>Zur Galerie<span class=\"screen-reader-text\"><\/span><\/span><\/a><\/p>\n","protected":false},"author":1,"featured_media":1905,"parent":0,"menu_order":0,"comment_status":"closed","ping_status":"closed","template":"","meta":{"_monsterinsights_skip_tracking":false,"_monsterinsights_sitenote_active":false,"_monsterinsights_sitenote_note":"","_monsterinsights_sitenote_category":0,"footnotes":""},"class_list":["post-1896","page","type-page","status-publish","has-post-thumbnail","hentry"],"_links":{"self":[{"href":"http:\/\/getoutanddrive.de\/index.php?rest_route=\/wp\/v2\/pages\/1896","targetHints":{"allow":["GET"]}}],"collection":[{"href":"http:\/\/getoutanddrive.de\/index.php?rest_route=\/wp\/v2\/pages"}],"about":[{"href":"http:\/\/getoutanddrive.de\/index.php?rest_route=\/wp\/v2\/types\/page"}],"author":[{"embeddable":true,"href":"http:\/\/getoutanddrive.de\/index.php?rest_route=\/wp\/v2\/users\/1"}],"replies":[{"embeddable":true,"href":"http:\/\/getoutanddrive.de\/index.php?rest_route=%2Fwp%2Fv2%2Fcomments&post=1896"}],"version-history":[{"count":4,"href":"http:\/\/getoutanddrive.de\/index.php?rest_route=\/wp\/v2\/pages\/1896\/revisions"}],"predecessor-version":[{"id":1985,"href":"http:\/\/getoutanddrive.de\/index.php?rest_route=\/wp\/v2\/pages\/1896\/revisions\/1985"}],"wp:featuredmedia":[{"embeddable":true,"href":"http:\/\/getoutanddrive.de\/index.php?rest_route=\/wp\/v2\/media\/1905"}],"wp:attachment":[{"href":"http:\/\/getoutanddrive.de\/index.php?rest_route=%2Fwp%2Fv2%2Fmedia&parent=1896"}],"curies":[{"name":"wp","href":"https:\/\/api.w.org\/{rel}","templated":true}]}}