{"id":175,"date":"2015-01-31T22:02:14","date_gmt":"2015-01-31T21:02:14","guid":{"rendered":"http:\/\/getoutanddrive.de\/?page_id=175"},"modified":"2019-01-24T11:35:56","modified_gmt":"2019-01-24T10:35:56","slug":"impressum","status":"publish","type":"page","link":"http:\/\/getoutanddrive.de\/?page_id=175","title":{"rendered":"Impressum"},"content":{"rendered":"<p><span style=\"font-family: 'Open Sans', sans-serif; font-size: 12pt;\"><strong>getoutanddrive.de<\/strong><\/span><\/p>\n<p><span style=\"font-family: 'Open Sans', sans-serif; font-size: 12pt;\">R\u00f6merstra\u00dfe 6<\/span><\/p>\n<p><span style=\"font-family: 'Open Sans', sans-serif; font-size: 12pt;\">54518 Bergweiler<\/span><\/p>\n<p><span style=\"font-family: 'Open Sans', sans-serif; font-size: 12pt;\">Germany<\/span><\/p>\n<p><span style=\"font-family: 'Open Sans', sans-serif; font-size: 12pt;\">Inh. \/Chefredakteur:\u00a0Max Friedhoff<\/span><\/p>\n<p><span style=\"font-family: 'Open Sans', sans-serif; font-size: 12pt;\"><strong>REDAKTION<\/strong><\/span><\/p>\n<p><span style=\"font-family: 'Open Sans', sans-serif; font-size: 12pt;\">Max Friedhoff<\/span><\/p>\n<p><span style=\"font-family: 'Open Sans', sans-serif; font-size: 12pt;\"><strong>FOTO-REDAKTION<\/strong><\/span><\/p>\n<p><span style=\"font-family: 'Open Sans', sans-serif; font-size: 12pt;\">Max Friedhoff<\/span><\/p>\n<p><span style=\"font-family: 'Open Sans', sans-serif; font-size: 12pt;\">Tel: +49 (0)\u00a06571 \/ 29747<\/span><\/p>\n<p><span style=\"font-family: 'Open Sans', sans-serif; font-size: 12pt;\">email:\u00a0max(at)getoutanddrive(punkt)de<\/span><\/p>\n<p><span style=\"font-family: 'Open Sans', sans-serif; font-size: 12pt;\"><strong>COPYRIGHT<\/strong><\/span><\/p>\n<p><span style=\"font-family: 'Open Sans', sans-serif; font-size: 12pt;\">Alle Rechte vorbehalten. Kein Teil dieses Online-Angebotes darf ohne schriftliche Genehmigung von getoutanddrive.de\u00a0kopiert, vervielf\u00e4ltigt oder verbreitet werden. Unter dieses Verbot f\u00e4llt insbesondere die gewerbliche Vervielf\u00e4ltigung per Kopie, die Aufnahme in elektronische Datenpakete und die Vervielf\u00e4ltigung auf CD-ROM, DVD-ROM etc.. Links auf das Angebot von www.getoutanddrive.de sind ebenso wie die Aufnahme in Suchmaschinen ausdr\u00fccklich erw\u00fcnscht.<\/span><\/p>\n<p><span style=\"font-family: 'Open Sans', sans-serif; font-size: 12pt;\">F\u00fcr unverlangt eingeschickte eMails, Manuskripte, Fotos und Illustrationen keine Gew\u00e4hr.<\/span><\/p>\n<p><span style=\"font-family: 'Open Sans', sans-serif; font-size: 12pt;\">RECHTLICHE HINWEISE<\/span><\/p>\n<p><span style=\"font-family: 'Open Sans', sans-serif; font-size: 12pt;\">Alle Berichte, Texte, Bilder und Grafiken dienen ausschlie\u00dflich der pers\u00f6nlichen Information des Nutzers. Diese Nutzung erfolgt auf eigenes Risiko. Eine Haftung f\u00fcr die Inanspruchnahme dieses Service oder dessen etwaige Nichtverf\u00fcgbarkeit wird ausgeschlossen. Dies gilt insbesondere auch f\u00fcr Folgesch\u00e4den.<\/span><\/p>\n<p><span style=\"font-family: 'Open Sans', sans-serif; font-size: 12pt;\">www.getoutanddrive.de bewertet den Inhalt der verzeichneten Web-Sites lediglich zum Zeitpunkt ihrer Aufnahme in das Verzeichnis. Wir \u00fcbernehmen deshalb keine Verantwortung f\u00fcr die Richtigkeit der Einordnung der verzeichneten Web-Sites in unser Angebot, f\u00fcr die Richtigkeit der auf der jeweiligen verzeichneten Web-Site ver\u00f6ffentlichten Inhalte, f\u00fcr deren Rechtm\u00e4\u00dfigkeit oder f\u00fcr die Erf\u00fcllung von Urheberrechtsbestimmungen im Zusammenhang mit den auf der jeweiligen Web-Site ver\u00f6ffentlichten Inhalten.<\/span><\/p>\n<p><span style=\"font-family: 'Open Sans', sans-serif; font-size: 12pt;\">Gesch\u00fctzte Namen und Warenzeichen geh\u00f6ren ihren jeweiligen Eigent\u00fcmern. S\u00e4mtliche der in www.getoutanddrive.de erw\u00e4hnten Namen von Marken oder Informationsanbietern werden ohne Gew\u00e4hrleistung der freien Verf\u00fcgbarkeit wiedergegeben. Die Namen sind entweder eingetragene Warenzeichen oder sollten als solche betrachtet werden.<\/span><\/p>\n<p><span style=\"font-family: 'Open Sans', sans-serif; font-size: 12pt;\">Hinweise zum Datenschutz: Um unser Angebot f\u00fcr Sie st\u00e4ndig verbessern zu k\u00f6nnen, erheben wir statistische Daten, die jedoch keine R\u00fcckschl\u00fcsse auf einzelne Personen zulassen. Dazu geh\u00f6ren beispielsweise Daten zum Browser, den Sie benutzen, oder zum Server, mit dessen Hilfe Sie ins Internet gelangen. Des weiteren haben wir auf unseren Seiten den \u201cFacebook Like-Button\u201d eingebunden. Durch die Einbindung dieses Tools, ist es facebook (www.facebook.com) m\u00f6glich, R\u00fcckschl\u00fcsse \u00fcber die bei ihnen angemeldeten User zu sammeln. Bei Fragen zu diesem Thema wenden Sie sich bitte an die Facebook-Betreiber, da nur sie die genaue Wirkunsgweise des Tools kennen.<\/span><\/p>\n<p><span style=\"font-family: 'Open Sans', sans-serif; font-size: 12pt;\"><strong>Verwendung von Facebook- Plugins<\/strong><\/span><\/p>\n<p><span style=\"font-family: 'Open Sans', sans-serif; font-size: 12pt;\">Auf diesen Internetseiten werden Plugins des sozialen Netzwerkes facebook.com verwendet, das von der Facebook Inc., 1601 S. California Ave, Palo Alto, CA 94304, USA betrieben wird (\u201cFacebook\u201d).<\/span><\/p>\n<p><span style=\"font-family: 'Open Sans', sans-serif; font-size: 12pt;\">Wenn Sie mit einen solchen Plugin versehene Internetseiten unserer Internetpr\u00e4senz aufrufen, wird eine Verbindung zu den Facebook-Servern hergestellt und dabei das Plugin durch Mitteilung an Ihren Browser auf der Internetseite dargestellt. Hierdurch wird an den Facebook-Server \u00fcbermittelt, welche unserer Internetseiten Sie besucht haben. Sind Sie dabei als Mitglied bei Facebook eingeloggt, ordnet Facebook diese Information Ihrem pers\u00f6nlichen Facebook-Benutzerkonto zu. Bei der Nutzung der Plugin-Funktionen (z.B. Anklicken des \u201cGef\u00e4llt mir\u201d-Buttons, Abgabe eines Kommentars) werden auch diese Informationen Ihrem Facebook-Konto zugeordnet, was Sie nur durch Ausloggen vor Nutzung des Plugins verhindern k\u00f6nnen.<\/span><\/p>\n<p><span style=\"font-family: 'Open Sans', sans-serif; font-size: 12pt;\">N\u00e4here Informationen zur Erhebung und Nutzung der Daten durch Facebook, \u00fcber Ihre diesbez\u00fcglichen Rechte M\u00f6glichkeiten zum Schutz Ihrer Privatsph\u00e4re finden Sie in den Datenschutzhinweisen von Facebook.<\/span><\/p>\n","protected":false},"excerpt":{"rendered":"<p>getoutanddrive.de R\u00f6merstra\u00dfe 6 54518 Bergweiler Germany Inh. \/Chefredakteur:\u00a0Max Friedhoff REDAKTION Max Friedhoff FOTO-REDAKTION Max Friedhoff Tel: +49 (0)\u00a06571 \/ 29747 email:\u00a0max(at)getoutanddrive(punkt)de COPYRIGHT Alle Rechte vorbehalten. Kein Teil dieses Online-Angebotes darf ohne schriftliche Genehmigung von getoutanddrive.de\u00a0kopiert, vervielf\u00e4ltigt oder verbreitet werden. Unter dieses Verbot f\u00e4llt insbesondere die &hellip; <a href=\"http:\/\/getoutanddrive.de\/?page_id=175\" class=\"more-link\"><span>Zur Galerie<span class=\"screen-reader-text\">Impressum<\/span><\/span><\/a><\/p>\n","protected":false},"author":1,"featured_media":0,"parent":0,"menu_order":0,"comment_status":"open","ping_status":"open","template":"","meta":{"_monsterinsights_skip_tracking":false,"_monsterinsights_sitenote_active":false,"_monsterinsights_sitenote_note":"","_monsterinsights_sitenote_category":0,"footnotes":""},"class_list":["post-175","page","type-page","status-publish","hentry"],"_links":{"self":[{"href":"http:\/\/getoutanddrive.de\/index.php?rest_route=\/wp\/v2\/pages\/175","targetHints":{"allow":["GET"]}}],"collection":[{"href":"http:\/\/getoutanddrive.de\/index.php?rest_route=\/wp\/v2\/pages"}],"about":[{"href":"http:\/\/getoutanddrive.de\/index.php?rest_route=\/wp\/v2\/types\/page"}],"author":[{"embeddable":true,"href":"http:\/\/getoutanddrive.de\/index.php?rest_route=\/wp\/v2\/users\/1"}],"replies":[{"embeddable":true,"href":"http:\/\/getoutanddrive.de\/index.php?rest_route=%2Fwp%2Fv2%2Fcomments&post=175"}],"version-history":[{"count":5,"href":"http:\/\/getoutanddrive.de\/index.php?rest_route=\/wp\/v2\/pages\/175\/revisions"}],"predecessor-version":[{"id":1416,"href":"http:\/\/getoutanddrive.de\/index.php?rest_route=\/wp\/v2\/pages\/175\/revisions\/1416"}],"wp:attachment":[{"href":"http:\/\/getoutanddrive.de\/index.php?rest_route=%2Fwp%2Fv2%2Fmedia&parent=175"}],"curies":[{"name":"wp","href":"https:\/\/api.w.org\/{rel}","templated":true}]}}